{"id":100,"date":"2022-06-09T11:44:55","date_gmt":"2022-06-09T11:44:55","guid":{"rendered":"http:\/\/apartamentywesola.com.pl\/?page_id=100"},"modified":"2022-06-09T12:34:54","modified_gmt":"2022-06-09T12:34:54","slug":"regulamin","status":"publish","type":"page","link":"https:\/\/apartamentywesola.com.pl\/index.php\/regulamin\/","title":{"rendered":"Regulamin"},"content":{"rendered":"\t\t<div data-elementor-type=\"wp-page\" data-elementor-id=\"100\" class=\"elementor elementor-100\">\n\t\t\t\t\t\t<section class=\"elementor-section elementor-top-section elementor-element elementor-element-63788610 elementor-section-boxed elementor-section-height-default elementor-section-height-default\" data-id=\"63788610\" data-element_type=\"section\" data-e-type=\"section\">\n\t\t\t\t\t\t<div class=\"elementor-container elementor-column-gap-default\">\n\t\t\t\t\t<div class=\"elementor-column elementor-col-100 elementor-top-column elementor-element elementor-element-cb03cda\" data-id=\"cb03cda\" data-element_type=\"column\" data-e-type=\"column\">\n\t\t\t<div class=\"elementor-widget-wrap elementor-element-populated\">\n\t\t\t\t\t\t<div class=\"elementor-element elementor-element-44d37b5 elementor-widget elementor-widget-text-editor\" data-id=\"44d37b5\" data-element_type=\"widget\" data-e-type=\"widget\" data-widget_type=\"text-editor.default\">\n\t\t\t\t<div class=\"elementor-widget-container\">\n\t\t\t\t\t\t\t\t\t<p><\/p>\n<p style=\"text-align: center;\">\u00a0<\/p>\n<p style=\"text-align: center;\"><\/p>\n<p style=\"text-align: center;\"><span style=\"color: #000000;\"><strong>Apartamenty Weso\u0142a<\/strong><\/span><\/p>\n<p style=\"text-align: center;\"><span style=\"color: #000000;\"><\/span><\/p>\n<p style=\"text-align: center;\"><span style=\"color: #000000;\"><strong>Milicz<\/strong><\/span><\/p>\n<p style=\"text-align: center;\"><span style=\"color: #000000;\"><\/span><\/p>\n<p style=\"text-align: center;\"><span style=\"color: #000000;\"><strong><u>REGULAMIN\u00a0 POBYTU GO\u015aCI<\/u><\/strong><\/span><\/p>\n<p style=\"text-align: center;\"><span style=\"color: #000000;\"><\/span><\/p>\n<p style=\"text-align: center;\"><span style=\"color: #000000;\"><strong><u>Postanowienia og\u00f3lne:<\/u><\/strong><\/span><\/p>\n<p style=\"text-align: center;\"><span style=\"color: #000000;\"><\/span><\/p>\n<p style=\"text-align: center;\"><span style=\"color: #000000;\">1. Niniejszy Regulamin stanowi integraln\u0105 cz\u0119\u015b\u0107 wynaj\u0119cia Apartamentu zwanym dalej \u201e<strong>AP<\/strong>\u201d<\/span><\/p>\n<p style=\"text-align: center;\"><span style=\"color: #000000;\"><\/span><\/p>\n<p style=\"text-align: center;\"><span style=\"color: #000000;\">2.W\u0142a\u015bciciel : Anna i Pawe\u0142 Ca\u0142ujek<\/span><\/p>\n<p style=\"text-align: center;\"><span style=\"color: #000000;\"><\/span><\/p>\n<p style=\"text-align: center;\"><span style=\"color: #000000;\">3.Go\u015b\u0107: Osoba wynajmuj\u0105ca Apartament od W\u0142a\u015bciciela<\/span><\/p>\n<p style=\"text-align: center;\"><span style=\"color: #000000;\"><\/span><\/p>\n<p style=\"text-align: center;\"><span style=\"color: #000000;\"><strong>\u00a7 1<\/strong><\/span><\/p>\n<p style=\"text-align: center;\"><span style=\"color: #000000;\"><\/span><\/p>\n<ol class=\"wp-block-list\" style=\"text-align: center;\" type=\"1\">\n<li><span style=\"color: #000000;\">Apartament wynajmowana jest do u\u017cytku Go\u015bci na doby.<\/span><\/li>\n<li><span style=\"color: #000000;\">Na potrzeby wynajmu doba rozpoczyna si\u0119 o godzinie 14.00, a ko\u0144czy o godzinie10.00. .<\/span><\/li>\n<li><span style=\"color: #000000;\">Go\u015b\u0107 mo\u017ce korzysta\u0107 bez dodatkowej op\u0142aty z <strong>AP<\/strong> w godzinach wcze\u015bniejszych, je\u017celi <strong>AP <\/strong>jest wolny.<\/span><\/li>\n<li><span style=\"color: #000000;\">Trzymanie zwierz\u0105t w<strong> AP<\/strong> bez wcze\u015bniejszego uzgodnienia z w\u0142a\u015bcicielem jest zabronione.<\/span><\/li>\n<\/ol>\n<p style=\"text-align: center;\"><span style=\"color: #000000;\"><\/span><\/p>\n<p style=\"text-align: center;\"><span style=\"color: #000000;\"><strong>\u00a7 2<\/strong><\/span><\/p>\n<p style=\"text-align: center;\"><span style=\"color: #000000;\"><\/span><\/p>\n<ol class=\"wp-block-list\" style=\"text-align: center;\" type=\"1\">\n<li><span style=\"color: #000000;\">Liczba dni pobytu okre\u015blona jest w potwierdzeniu rezerwacji, kt\u00f3rym jest dokonanie przedp\u0142aty zadatku przez Go\u015bcia w wysoko\u015bci 30% warto\u015bci ca\u0142o\u015bci zam\u00f3wienia.\u00a0\u00a0\u00a0\u00a0\u00a0\u00a0\u00a0\u00a0\u00a0\u00a0\u00a0\u00a0\u00a0\u00a0\u00a0\u00a0\u00a0\u00a0\u00a0\u00a0\u00a0\u00a0\u00a0\u00a0\u00a0\u00a0\u00a0\u00a0\u00a0\u00a0\u00a0\u00a0\u00a0\u00a0\u00a0\u00a0\u00a0 Pozosta\u0142\u0105 kwot\u0119 Go\u015b\u0107 wp\u0142aca w dniu przyjazdu podczas meldowania.<\/span><\/li>\n<li><span style=\"color: #000000;\">\u017byczenie przed\u0142u\u017cenia pobytu Go\u015b\u0107 powinien z\u0142o\u017cy\u0107 najp\u00f3\u017aniej na dzie\u0144 przed up\u0142ywem terminu najmu. Pod warunkiem \u017ce <strong>AP<\/strong> nie zosta\u0142 wynaj\u0119ty innemu Go\u015bciowi.\u00a0\u00a0\u00a0\u00a0\u00a0\u00a0\u00a0\u00a0\u00a0\u00a0\u00a0<\/span><\/li>\n<li><span style=\"color: #000000;\">\u00a0<strong>UWAGA!<\/strong> Przerwanie wynajmu przez Go\u015bcia, nie jest podstaw\u0105 do zwrotu wp\u0142aconej nale\u017cno\u015bci.<\/span><\/li>\n<\/ol>\n<p style=\"text-align: center;\"><span style=\"color: #000000;\"><\/span><\/p>\n<p style=\"text-align: center;\"><span style=\"color: #000000;\"><strong>\u00a7 3<\/strong><\/span><\/p>\n<p style=\"text-align: center;\"><span style=\"color: #000000;\"><\/span><\/p>\n<ol class=\"wp-block-list\" style=\"text-align: center;\" type=\"1\">\n<li><span style=\"color: #000000;\">Go\u015b\u0107 powinien u\u017cywa\u0107 <strong>AP<\/strong> zgodnie z jego przeznaczeniem, to znaczy dla w\u0142asnych potrzeb zamieszkania .<\/span><\/li>\n<li><span style=\"color: #000000;\">W godzinach 22.00 do 6.00 w obowi\u0105zuje cisza nocna .<\/span><\/li>\n<li><span style=\"color: #000000;\">Nocowanie w pokojach os\u00f3b odwiedzaj\u0105cych go\u015bcia jest zabronione, chyba, \u017ce Go\u015b\u0107 uzgodni t\u0119 kwesti\u0119 z w\u0142a\u015bcicielem. R\u00f3wnie\u017c ewentualne wizyty nale\u017cy wcze\u015bniej uzgodni\u0107.<\/span><\/li>\n<li><span style=\"color: #000000;\">W przypadku stwierdzenia w wynajmowanym <strong>AP<\/strong> sta\u0142ego pobytu os\u00f3b, za kt\u00f3re Go\u015b\u0107 nie wni\u00f3s\u0142 stosownej op\u0142aty, W\u0142a\u015bciciel mo\u017ce zastosowa\u0107 wobec Go\u015bcia kar\u0119 umown\u0105 w wysoko\u015bci <strong>200%<\/strong> op\u0142aty zgodnej z obowi\u0105zuj\u0105cym cennikiem.<\/span><\/li>\n<\/ol>\n<p style=\"text-align: center;\"><span style=\"color: #000000;\"><\/span><\/p>\n<p style=\"text-align: center;\"><span style=\"color: #000000;\"> <strong>\u00a7 4<\/strong><\/span><\/p>\n<p style=\"text-align: center;\"><span style=\"color: #000000;\"><\/span><\/p>\n<ol class=\"wp-block-list\" style=\"text-align: center;\" type=\"1\">\n<li><span style=\"color: #000000;\">Sprz\u0105tanie AP odbywa si\u0119 samodzielnie przez Go\u015bcia. \u015arodki do sprz\u0105tni\u0119cia udost\u0119pnia w\u0142a\u015bciciel . AP musi pozosta\u0107 w takim samym stanie sanitarnym w jakim zosta\u0142 on udost\u0119pniony.<\/span><\/li>\n<li><span style=\"color: #000000;\">W pomieszczeniach obowi\u0105zuje bezwzgl\u0119dny zakaz palenia.\u00a0<\/span><\/li>\n<\/ol>\n<p style=\"text-align: center;\"><span style=\"color: #000000;\"><\/span><\/p>\n<p style=\"text-align: center;\"><span style=\"color: #000000;\"><strong>\u00a7 5<\/strong><\/span><\/p>\n<p style=\"text-align: center;\"><span style=\"color: #000000;\"><\/span><\/p>\n<ol class=\"wp-block-list\" style=\"text-align: center;\" type=\"1\">\n<li><span style=\"color: #000000;\">W\u0142a\u015bciciel wyznacza miejsce postoju \u015brodka transportu Go\u015bcia, lecz nie odpowiada za szkody wyrz\u0105dzone przez osoby trzecie, oraz si\u0142y natury , lub inne zjawiska.<\/span><\/li>\n<li><span style=\"color: #000000;\">Go\u015b\u0107 ponosi odpowiedzialno\u015b\u0107 za wszelkiego rodzaju uszkodzenia i zniszczenia<strong> AP<\/strong> i jego wyposa\u017cenia, spowodowane jego dzia\u0142aniem lub dzia\u0142aniem os\u00f3b z nim przebywaj\u0105cych . Go\u015b\u0107 zobowi\u0105zuje si\u0119 niezw\u0142ocznie powiadomi\u0107 w\u0142a\u015bciciela o wszelkich szkodach jakie Go\u015b\u0107 wyrz\u0105dzi\u0142 w wyposa\u017ceniu <strong>AP<\/strong> lub w samym budynku. Go\u015b\u0107 zobowi\u0105zuje si\u0119 do ich pokrycia najp\u00f3\u017aniej do ostatniego dnia korzystania z <strong>AP<\/strong>.<\/span><\/li>\n<\/ol>\n<p style=\"text-align: center;\"><span style=\"color: #000000;\"><\/span><\/p>\n<ol class=\"wp-block-list\" style=\"text-align: center;\" start=\"3\" type=\"1\">\n<li><span style=\"color: #000000;\">Go\u015b\u0107 ma obowi\u0105zek zwr\u00f3ci\u0107 szczeg\u00f3ln\u0105 uwag\u0119 na nale\u017cyta obs\u0142ug\u0119 zawor\u00f3w wody, urz\u0105dze\u0144 elektrycznych i gazowych. Z uwagi na ochron\u0119 przeciwpo\u017carow\u0105 Go\u015b\u0107 nie mo\u017ce u\u017cywa\u0107 jakichkolwiek urz\u0105dze\u0144 gazowych oraz urz\u0105dze\u0144 zasilanych energia elektryczn\u0105, nie stanowi\u0105cych wyposa\u017cenia <strong>AP<\/strong> poza: komputerami przeno\u015bnymi, maszynkami do golenia suszarkami do w\u0142os\u00f3w.<\/span><\/li>\n<\/ol>\n<p style=\"text-align: center;\"><span style=\"color: #000000;\"><\/span><\/p>\n<p style=\"text-align: center;\"><span style=\"color: #000000;\"><strong>\u00a7 6<\/strong><\/span><\/p>\n<p style=\"text-align: center;\"><span style=\"color: #000000;\"><\/span><\/p>\n<p style=\"text-align: center;\"><span style=\"color: #000000;\">1. Odbi\u00f3r kluczy nast\u0119puje bezpo\u015brednio przed wynaj\u0119ciem AP na terenie posesji.<\/span><\/p>\n<p style=\"text-align: center;\"><span style=\"color: #000000;\"><\/span><\/p>\n<p style=\"text-align: center;\"><span style=\"color: #000000;\">2. <strong>Przy pobraniu kluczy do AP Go\u015b\u0107 okazuje dow\u00f3d to\u017csamo\u015bci i o\u015bwiadcza, \u017ce zapozna\u0142 si\u0119 z Regulaminem i go akceptuje.<\/strong><\/span><\/p>\n<p style=\"text-align: center;\"><span style=\"color: #000000;\"><\/span><\/p>\n<p style=\"text-align: center;\"><span style=\"color: #000000;\">3.Go\u015b\u0107 otrzymuje do swej dyspozycji klucz do <strong>AP<\/strong>, kt\u00f3ry powinien zwr\u00f3ci\u0107 w dniu zako\u0144czenia pobytu najp\u00f3\u017aniej do godziny 12.00 \u00a0Zgubienie klucza powoduje obowi\u0105zek zap\u0142aty za wymian\u0119 zamka.<\/span><\/p>\n<p style=\"text-align: center;\"><span style=\"color: #000000;\"><\/span><\/p>\n<p class=\"has-text-align-center\" style=\"text-align: center;\"><span style=\"color: #000000;\">4.Go\u015b\u0107 ma obowi\u0105zek pozostawienia <strong>AP<\/strong> w takim samym stanie technicznym i sanitarnym w jakim zosta\u0142a on mu przekazana.<\/span><\/p>\n<p style=\"text-align: center;\"><span style=\"color: #000000;\"><\/span><\/p>\n<p style=\"text-align: center;\"><span style=\"color: #000000;\"><strong>&amp;7<\/strong><\/span><\/p>\n<p style=\"text-align: center;\"><span style=\"color: #000000;\"><\/span><\/p>\n<p style=\"text-align: center;\"><span style=\"color: #000000;\">1. Go\u015b\u0107 ma prawo na terenie dzia\u0142ki rozpali\u0107 ognisko tylko w miejscu do tego przeznaczonym<\/span><\/p>\n<p style=\"text-align: center;\"><span style=\"color: #000000;\"><\/span><\/p>\n<p style=\"text-align: center;\"><span style=\"color: #000000;\">ponosz\u0105c pe\u0142na odpowiedzialno\u015b\u0107 za ewentualne skutki i straty tym spowodowane.<\/span><\/p>\n<p style=\"text-align: center;\"><span style=\"color: #000000;\"><\/span><\/p>\n<p style=\"text-align: center;\"><span style=\"color: #000000;\"><strong><em>\u017byczymy przyjemnego pobytu.<\/em><\/strong><\/span><\/p>\n<p><span style=\"color: #000000;\"><\/span><\/p>\t\t\t\t\t\t\t\t<\/div>\n\t\t\t\t<\/div>\n\t\t\t\t\t<\/div>\n\t\t<\/div>\n\t\t\t\t\t<\/div>\n\t\t<\/section>\n\t\t\t\t<\/div>\n\t\t","protected":false},"excerpt":{"rendered":"<p>\u00a0 Apartamenty Weso\u0142a Milicz REGULAMIN\u00a0 POBYTU GO\u015aCI Postanowienia og\u00f3lne: 1. Niniejszy Regulamin stanowi integraln\u0105 cz\u0119\u015b\u0107 wynaj\u0119cia Apartamentu zwanym dalej \u201eAP\u201d 2.W\u0142a\u015bciciel : Anna i Pawe\u0142 Ca\u0142ujek 3.Go\u015b\u0107: Osoba wynajmuj\u0105ca Apartament od W\u0142a\u015bciciela \u00a7 1 Apartament wynajmowana jest do u\u017cytku Go\u015bci na doby. Na potrzeby wynajmu doba rozpoczyna si\u0119 o godzinie 14.00, a ko\u0144czy o godzinie10.00.&hellip;&nbsp;<a href=\"https:\/\/apartamentywesola.com.pl\/index.php\/regulamin\/\" rel=\"bookmark\">Dowiedz si\u0119 wi\u0119cej &raquo;<span class=\"screen-reader-text\">Regulamin<\/span><\/a><\/p>\n","protected":false},"author":1,"featured_media":0,"parent":0,"menu_order":0,"comment_status":"closed","ping_status":"closed","template":"","meta":{"_monsterinsights_skip_tracking":false,"_monsterinsights_sitenote_active":false,"_monsterinsights_sitenote_note":"","_monsterinsights_sitenote_category":0,"neve_meta_sidebar":"","neve_meta_container":"","neve_meta_enable_content_width":"","neve_meta_content_width":0,"neve_meta_title_alignment":"","neve_meta_author_avatar":"","neve_post_elements_order":"","neve_meta_disable_header":"","neve_meta_disable_footer":"","neve_meta_disable_title":"","footnotes":""},"class_list":["post-100","page","type-page","status-publish","hentry"],"aioseo_notices":[],"_links":{"self":[{"href":"https:\/\/apartamentywesola.com.pl\/index.php\/wp-json\/wp\/v2\/pages\/100","targetHints":{"allow":["GET"]}}],"collection":[{"href":"https:\/\/apartamentywesola.com.pl\/index.php\/wp-json\/wp\/v2\/pages"}],"about":[{"href":"https:\/\/apartamentywesola.com.pl\/index.php\/wp-json\/wp\/v2\/types\/page"}],"author":[{"embeddable":true,"href":"https:\/\/apartamentywesola.com.pl\/index.php\/wp-json\/wp\/v2\/users\/1"}],"replies":[{"embeddable":true,"href":"https:\/\/apartamentywesola.com.pl\/index.php\/wp-json\/wp\/v2\/comments?post=100"}],"version-history":[{"count":3,"href":"https:\/\/apartamentywesola.com.pl\/index.php\/wp-json\/wp\/v2\/pages\/100\/revisions"}],"predecessor-version":[{"id":103,"href":"https:\/\/apartamentywesola.com.pl\/index.php\/wp-json\/wp\/v2\/pages\/100\/revisions\/103"}],"wp:attachment":[{"href":"https:\/\/apartamentywesola.com.pl\/index.php\/wp-json\/wp\/v2\/media?parent=100"}],"curies":[{"name":"wp","href":"https:\/\/api.w.org\/{rel}","templated":true}]}}