{"id":13,"date":"2022-06-09T07:51:12","date_gmt":"2022-06-09T07:51:12","guid":{"rendered":"http:\/\/apartamentywesola.com.pl\/?page_id=13"},"modified":"2022-07-06T12:54:38","modified_gmt":"2022-07-06T12:54:38","slug":"wesola-8","status":"publish","type":"page","link":"https:\/\/apartamentywesola.com.pl\/index.php\/wesola-8\/","title":{"rendered":"O nas"},"content":{"rendered":"<p>&nbsp;<\/p>\n<style>\/*! elementor - v3.6.6 - 08-06-2022 *\/<br \/>.e-container.e-container--row .elementor-spacer-inner{width:var(--spacer-size)}.e-container.e-container--column .elementor-spacer-inner,.elementor-column .elementor-spacer-inner{height:var(--spacer-size)}<\/style>\n<p style=\"text-align: center;\">\n<p style=\"text-align: center;\"><span style=\"color: #000000;\"><strong>Apartamenty Weso\u0142a <\/strong><\/span><\/p>\n<p style=\"text-align: center;\"><span style=\"color: #000000;\"><strong>Apartamenty Weso\u0142a to kontynuacja naszej ju\u017c d\u0142ugoletniej dzia\u0142alno\u015bci Agroturystycznej w Gospodarstwie Ostoja-Uroczysko ale w innej, zmienionej formule . <\/strong><\/span><\/p>\n<p style=\"text-align: center;\"><span style=\"color: #000000;\"><strong>Apartamenty Weso\u0142a ze swoja lokalizacj\u0105 w Miliczu w\u015br\u00f3d sosnowego lasu , na terenie najwi\u0119kszego w Polsce Parku Krajobrazowego \u201eDolina Baryczy\u201d i bezpo\u015bredniej blisko\u015bci \u015bcie\u017cki rowerowej, to obiekt dla tych \u00a0kt\u00f3rzy ceni\u0105 sobie bliski kontakt z natur\u0105. \u015apiew ptak\u00f3w, \u00a0\u015bwie\u017ce rze\u015bkie powietrze, zapach sosnowego lasu a jednocze\u015bnie blisko\u015b\u0107 infrastruktury sprawi\u0105 \u017ce na pewno doceni\u0105 Pa\u0144stwo \u00a0to miejsce jako jedyne w swoim rodzaju.<\/strong><\/span><\/p>\n<p style=\"text-align: center;\"><span style=\"color: #000000;\"><strong>\u00a0\u00a0\u00a0\u00a0\u00a0\u00a0\u00a0\u00a0\u00a0\u00a0\u00a0 Okolica nasza obfituje w dobra natury takie jak: jagody, grzyby, maliny, je\u017cyny. Infrastruktura szlak\u00f3w turystycznych i \u015bcie\u017cek rowerowych \u00a0sprzyja uprawianiu turystyki pieszej a w szczeg\u00f3lno\u015bci \u00a0rowerowej. To wszystko sprawia, \u017ce nasi \u00a0go\u015bcie odpoczywaj\u0105 cia\u0142em i duchem. <\/strong><\/span><\/p>\n<p style=\"text-align: center;\"><span style=\"color: #000000;\"><strong>Apartamenty Weso\u0142a powsta\u0142y po to aby zapewni\u0107 Pa\u0144stwu chwil\u0119 ciszy i spokoju z dala od zgie\u0142ku miasta.<\/strong><\/span><\/p>\n<p style=\"text-align: center;\"><span style=\"color: #000000;\"><strong>\u00a0Serdecznie Zapraszamy <\/strong><\/span><\/p>\n<p style=\"text-align: center;\"><span style=\"color: #000000;\"><strong>Anna i Pawe\u0142 Ca\u0142ujek <\/strong><\/span><\/p>\n<div class=\"notranslate\" style=\"all: initial;\"><\/div>\n","protected":false},"excerpt":{"rendered":"<p>&nbsp; Apartamenty Weso\u0142a Apartamenty Weso\u0142a to kontynuacja naszej ju\u017c d\u0142ugoletniej dzia\u0142alno\u015bci Agroturystycznej w Gospodarstwie Ostoja-Uroczysko ale w innej, zmienionej formule . Apartamenty Weso\u0142a ze swoja lokalizacj\u0105 w Miliczu w\u015br\u00f3d sosnowego lasu , na terenie najwi\u0119kszego w Polsce Parku Krajobrazowego \u201eDolina Baryczy\u201d i bezpo\u015bredniej blisko\u015bci \u015bcie\u017cki rowerowej, to obiekt dla tych \u00a0kt\u00f3rzy ceni\u0105 sobie bliski kontakt&hellip;&nbsp;<a href=\"https:\/\/apartamentywesola.com.pl\/index.php\/wesola-8\/\" rel=\"bookmark\">Dowiedz si\u0119 wi\u0119cej &raquo;<span class=\"screen-reader-text\">O nas<\/span><\/a><\/p>\n","protected":false},"author":1,"featured_media":0,"parent":0,"menu_order":0,"comment_status":"closed","ping_status":"closed","template":"","meta":{"_monsterinsights_skip_tracking":false,"_monsterinsights_sitenote_active":false,"_monsterinsights_sitenote_note":"","_monsterinsights_sitenote_category":0,"neve_meta_sidebar":"","neve_meta_container":"","neve_meta_enable_content_width":"off","neve_meta_content_width":100,"neve_meta_title_alignment":"","neve_meta_author_avatar":"","neve_post_elements_order":"","neve_meta_disable_header":"","neve_meta_disable_footer":"","neve_meta_disable_title":"","footnotes":""},"class_list":["post-13","page","type-page","status-publish","hentry"],"aioseo_notices":[],"_links":{"self":[{"href":"https:\/\/apartamentywesola.com.pl\/index.php\/wp-json\/wp\/v2\/pages\/13","targetHints":{"allow":["GET"]}}],"collection":[{"href":"https:\/\/apartamentywesola.com.pl\/index.php\/wp-json\/wp\/v2\/pages"}],"about":[{"href":"https:\/\/apartamentywesola.com.pl\/index.php\/wp-json\/wp\/v2\/types\/page"}],"author":[{"embeddable":true,"href":"https:\/\/apartamentywesola.com.pl\/index.php\/wp-json\/wp\/v2\/users\/1"}],"replies":[{"embeddable":true,"href":"https:\/\/apartamentywesola.com.pl\/index.php\/wp-json\/wp\/v2\/comments?post=13"}],"version-history":[{"count":60,"href":"https:\/\/apartamentywesola.com.pl\/index.php\/wp-json\/wp\/v2\/pages\/13\/revisions"}],"predecessor-version":[{"id":402,"href":"https:\/\/apartamentywesola.com.pl\/index.php\/wp-json\/wp\/v2\/pages\/13\/revisions\/402"}],"wp:attachment":[{"href":"https:\/\/apartamentywesola.com.pl\/index.php\/wp-json\/wp\/v2\/media?parent=13"}],"curies":[{"name":"wp","href":"https:\/\/api.w.org\/{rel}","templated":true}]}}