{"id":383,"date":"2022-07-06T11:06:01","date_gmt":"2022-07-06T11:06:01","guid":{"rendered":"http:\/\/apartamentywesola.com.pl\/?page_id=383"},"modified":"2022-07-06T11:08:30","modified_gmt":"2022-07-06T11:08:30","slug":"regulamin-ostoja-uroczysko","status":"publish","type":"page","link":"https:\/\/apartamentywesola.com.pl\/index.php\/ostoja-uroczysko\/regulamin-ostoja-uroczysko\/","title":{"rendered":"Regulamin Ostoja Uroczysko"},"content":{"rendered":"<p style=\"text-align: center;\"><strong><span style=\"color: #000000;\">Ostoja Uroczysko<\/span><\/strong><br \/>\n<strong><span style=\"color: #000000;\">W\u0105bnice<\/span><\/strong><\/p>\n<p style=\"text-align: center;\"><strong><span style=\"color: #000000;\">REGULAMIN POBYTU GO\u015aCI<\/span><\/strong><\/p>\n<p style=\"text-align: center;\"><span style=\"color: #000000;\">Postanowienia og\u00f3lne:<\/span><br \/>\n<span style=\"color: #000000;\">1. Niniejszy Regulamin stanowi integraln\u0105 cz\u0119\u015b\u0107 wynaj\u0119cia Jednostki mieszkaniowej<\/span><br \/>\n<span style=\"color: #000000;\">zwan\u0105 dalej <strong>\u201eJM\u201d<\/strong><\/span><br \/>\n<span style=\"color: #000000;\">2.W\u0142a\u015bciciel : Anna i Pawe\u0142 Ca\u0142ujek<\/span><br \/>\n<span style=\"color: #000000;\">3.Go\u015b\u0107: Osoba wynajmuj\u0105ca Jednostk\u0119 mieszkaniow\u0105 od W\u0142a\u015bciciela<\/span><\/p>\n<p style=\"text-align: center;\"><span style=\"color: #000000;\">\u00a7 1<\/span><\/p>\n<p style=\"text-align: center;\"><span style=\"color: #000000;\">1. Apartament wynajmowana jest do u\u017cytku Go\u015bci na doby.<\/span><br \/>\n<span style=\"color: #000000;\">2. Na potrzeby wynajmu doba rozpoczyna si\u0119 o godzinie 14.00, a ko\u0144czy o godzinie10.00. .<\/span><br \/>\n<span style=\"color: #000000;\">3. Go\u015b\u0107 mo\u017ce korzysta\u0107 bez dodatkowej op\u0142aty z <strong>JM<\/strong> godzinach wcze\u015bniejszych, je\u017celi JM jest<\/span><br \/>\n<span style=\"color: #000000;\">wolny.<\/span><br \/>\n<span style=\"color: #000000;\">4. Trzymanie zwierz\u0105t w JM bez wcze\u015bniejszego uzgodnienia z w\u0142a\u015bcicielem jest zabronione.<\/span><\/p>\n<p style=\"text-align: center;\"><span style=\"color: #000000;\">\u00a7 2<\/span><\/p>\n<p style=\"text-align: center;\"><span style=\"color: #000000;\">1. Liczba dni pobytu okre\u015blona jest w potwierdzeniu rezerwacji, kt\u00f3rym jest dokonanie<\/span><br \/>\n<span style=\"color: #000000;\">przedp\u0142aty zadatku przez Go\u015bcia w wysoko\u015bci 30% warto\u015bci ca\u0142o\u015bci zam\u00f3wienia.<\/span><br \/>\n<span style=\"color: #000000;\">Pozosta\u0142\u0105 kwot\u0119 Go\u015b\u0107 wp\u0142aca w dniu przyjazdu podczas meldowania.<\/span><br \/>\n<span style=\"color: #000000;\">2. \u017byczenie przed\u0142u\u017cenia pobytu Go\u015b\u0107 powinien z\u0142o\u017cy\u0107 najp\u00f3\u017aniej na dzie\u0144 przed up\u0142ywem<\/span><br \/>\n<span style=\"color: #000000;\">terminu najmu. Pod warunkiem \u017ce <strong>JM<\/strong> nie zosta\u0142 wynaj\u0119ty innemu Go\u015bciowi.<\/span><br \/>\n<span style=\"color: #000000;\">3. UWAGA! Przerwanie wynajmu przez Go\u015bcia, nie jest podstaw\u0105 do zwrotu wp\u0142aconej<\/span><br \/>\n<span style=\"color: #000000;\">nale\u017cno\u015bci.<\/span><\/p>\n<p style=\"text-align: center;\"><span style=\"color: #000000;\">\u00a7 3<\/span><\/p>\n<p style=\"text-align: center;\"><span style=\"color: #000000;\">1. Go\u015b\u0107 powinien u\u017cywa\u0107 <strong>JM<\/strong> zgodnie z jego przeznaczeniem, to znaczy dla w\u0142asnych potrzeb<\/span><br \/>\n<span style=\"color: #000000;\">zamieszkania .<\/span><br \/>\n<span style=\"color: #000000;\">2. W godzinach 22.00 do 6.00 w obowi\u0105zuje cisza nocna .<\/span><br \/>\n<span style=\"color: #000000;\">3. Nocowanie w pokojach os\u00f3b odwiedzaj\u0105cych go\u015bcia jest zabronione, chyba, \u017ce Go\u015b\u0107 uzgodni<\/span><br \/>\n<span style=\"color: #000000;\">t\u0119 kwesti\u0119 z w\u0142a\u015bcicielem. R\u00f3wnie\u017c ewentualne wizyty nale\u017cy wcze\u015bniej uzgodni\u0107.<\/span><br \/>\n<span style=\"color: #000000;\">4. W przypadku stwierdzenia w wynajmowanym <strong>JM<\/strong> sta\u0142ego pobytu os\u00f3b, za kt\u00f3re Go\u015b\u0107 nie<\/span><br \/>\n<span style=\"color: #000000;\">wni\u00f3s\u0142 stosownej op\u0142aty, W\u0142a\u015bciciel mo\u017ce zastosowa\u0107 wobec Go\u015bcia kar\u0119 umown\u0105 w<\/span><br \/>\n<span style=\"color: #000000;\">wysoko\u015bci 200% op\u0142aty zgodnej z obowi\u0105zuj\u0105cym cennikiem.<\/span><br \/>\n<span style=\"color: #000000;\">\u00a7 4<\/span><br \/>\n<span style=\"color: #000000;\">1. Sprz\u0105tanie <strong>JM<\/strong> odbywa si\u0119 samodzielnie przez Go\u015bcia. \u015arodki do sprz\u0105tni\u0119cia udost\u0119pnia<\/span><br \/>\n<span style=\"color: #000000;\">w\u0142a\u015bciciel . <strong>JM<\/strong> musi pozosta\u0107 w takim samym stanie sanitarnym w jakim zosta\u0142 on<\/span><br \/>\n<span style=\"color: #000000;\">udost\u0119pniony.<\/span><br \/>\n<span style=\"color: #000000;\">2. W pomieszczeniach obowi\u0105zuje bezwzgl\u0119dny zakaz palenia.<\/span><\/p>\n<p style=\"text-align: center;\"><span style=\"color: #000000;\">\u00a7 5<\/span><\/p>\n<p style=\"text-align: center;\"><span style=\"color: #000000;\">1. W\u0142a\u015bciciel wyznacza miejsce postoju \u015brodka transportu Go\u015bcia, lecz nie odpowiada za szkody<\/span><br \/>\n<span style=\"color: #000000;\">wyrz\u0105dzone przez osoby trzecie, oraz si\u0142y natury , lub inne zjawiska.<\/span><br \/>\n<span style=\"color: #000000;\">2. Go\u015b\u0107 ponosi odpowiedzialno\u015b\u0107 za wszelkiego rodzaju uszkodzenia i zniszczenia <strong>JM<\/strong> i jego<\/span><br \/>\n<span style=\"color: #000000;\">wyposa\u017cenia, spowodowane jego dzia\u0142aniem lub dzia\u0142aniem os\u00f3b z nim przebywaj\u0105cych .<\/span><br \/>\n<span style=\"color: #000000;\">Go\u015b\u0107 zobowi\u0105zuje si\u0119 niezw\u0142ocznie powiadomi\u0107 w\u0142a\u015bciciela o wszelkich szkodach jakie Go\u015b\u0107<\/span><br \/>\n<span style=\"color: #000000;\">wyrz\u0105dzi\u0142 w wyposa\u017ceniu J<strong>M<\/strong> lub w samym budynku. Go\u015b\u0107 zobowi\u0105zuje si\u0119 do ich pokrycia<\/span><br \/>\n<span style=\"color: #000000;\">najp\u00f3\u017aniej do ostatniego dnia korzystania z <strong>JM<\/strong>.<\/span><\/p>\n<p style=\"text-align: center;\"><span style=\"color: #000000;\">3. Go\u015b\u0107 ma obowi\u0105zek zwr\u00f3ci\u0107 szczeg\u00f3ln\u0105 uwag\u0119 na nale\u017cyta obs\u0142ug\u0119 zawor\u00f3w wody, urz\u0105dze\u0144<\/span><br \/>\n<span style=\"color: #000000;\">elektrycznych i gazowych. Z uwagi na ochron\u0119 przeciwpo\u017carow\u0105 Go\u015b\u0107 nie mo\u017ce u\u017cywa\u0107<\/span><br \/>\n<span style=\"color: #000000;\">jakichkolwiek urz\u0105dze\u0144 gazowych oraz urz\u0105dze\u0144 zasilanych energia elektryczn\u0105, nie<\/span><br \/>\n<span style=\"color: #000000;\">stanowi\u0105cych wyposa\u017cenia <strong>JM<\/strong> Poza: komputerami przeno\u015bnymi, maszynkami do golenia<\/span><br \/>\n<span style=\"color: #000000;\">suszarkami do w\u0142os\u00f3w.<\/span><\/p>\n<p style=\"text-align: center;\"><span style=\"color: #000000;\">\u00a7 6<\/span><\/p>\n<p style=\"text-align: center;\"><span style=\"color: #000000;\">1. Odbi\u00f3r kluczy nast\u0119puje bezpo\u015brednio przed wynaj\u0119ciem <strong>JM<\/strong> na terenie posesji.<\/span><br \/>\n<span style=\"color: #000000;\">2. Przy pobraniu kluczy do <strong>JM<\/strong> Go\u015b\u0107 okazuje dow\u00f3d to\u017csamo\u015bci i o\u015bwiadcza, \u017ce<\/span><br \/>\n<span style=\"color: #000000;\">zapozna\u0142 si\u0119 z Regulaminem i go akceptuje.<\/span><br \/>\n<span style=\"color: #000000;\">3.Go\u015b\u0107 otrzymuje do swej dyspozycji klucz do <strong>JM<\/strong>, kt\u00f3ry powinien zwr\u00f3ci\u0107 w dniu zako\u0144czenia<\/span><br \/>\n<span style=\"color: #000000;\">pobytu najp\u00f3\u017aniej do godziny 12.00 Zgubienie klucza powoduje obowi\u0105zek zap\u0142aty za wymian\u0119<\/span><br \/>\n<span style=\"color: #000000;\">zamka.<\/span><br \/>\n<span style=\"color: #000000;\">4.Go\u015b\u0107 ma obowi\u0105zek pozostawienia <strong>JM<\/strong> w takim samym stanie technicznym i sanitarnym w<\/span><br \/>\n<span style=\"color: #000000;\">jakim zosta\u0142a on mu przekazana.<\/span><\/p>\n<p style=\"text-align: center;\"><span style=\"color: #000000;\">&amp;7<\/span><\/p>\n<p style=\"text-align: center;\"><span style=\"color: #000000;\">1. Go\u015b\u0107 ma prawo na terenie dzia\u0142ki rozpali\u0107 ognisko tylko w miejscu do tego przeznaczonym<\/span><br \/>\n<span style=\"color: #000000;\">ponosz\u0105c pe\u0142na odpowiedzialno\u015b\u0107 za ewentualne skutki i straty tym spowodowane.<\/span><\/p>\n<p style=\"text-align: center;\"><span style=\"color: #000000;\">\u017byczymy przyjemnego pobytu.<\/span><\/p>\n","protected":false},"excerpt":{"rendered":"<p>Ostoja Uroczysko W\u0105bnice REGULAMIN POBYTU GO\u015aCI Postanowienia og\u00f3lne: 1. Niniejszy Regulamin stanowi integraln\u0105 cz\u0119\u015b\u0107 wynaj\u0119cia Jednostki mieszkaniowej zwan\u0105 dalej \u201eJM\u201d 2.W\u0142a\u015bciciel : Anna i Pawe\u0142 Ca\u0142ujek 3.Go\u015b\u0107: Osoba wynajmuj\u0105ca Jednostk\u0119 mieszkaniow\u0105 od W\u0142a\u015bciciela \u00a7 1 1. Apartament wynajmowana jest do u\u017cytku Go\u015bci na doby. 2. Na potrzeby wynajmu doba rozpoczyna si\u0119 o godzinie 14.00, a&hellip;&nbsp;<a href=\"https:\/\/apartamentywesola.com.pl\/index.php\/ostoja-uroczysko\/regulamin-ostoja-uroczysko\/\" rel=\"bookmark\">Dowiedz si\u0119 wi\u0119cej &raquo;<span class=\"screen-reader-text\">Regulamin Ostoja Uroczysko<\/span><\/a><\/p>\n","protected":false},"author":1,"featured_media":0,"parent":112,"menu_order":0,"comment_status":"closed","ping_status":"closed","template":"","meta":{"_monsterinsights_skip_tracking":false,"_monsterinsights_sitenote_active":false,"_monsterinsights_sitenote_note":"","_monsterinsights_sitenote_category":0,"neve_meta_sidebar":"","neve_meta_container":"","neve_meta_enable_content_width":"off","neve_meta_content_width":100,"neve_meta_title_alignment":"","neve_meta_author_avatar":"","neve_post_elements_order":"","neve_meta_disable_header":"","neve_meta_disable_footer":"","neve_meta_disable_title":"","footnotes":""},"class_list":["post-383","page","type-page","status-publish","hentry"],"aioseo_notices":[],"_links":{"self":[{"href":"https:\/\/apartamentywesola.com.pl\/index.php\/wp-json\/wp\/v2\/pages\/383","targetHints":{"allow":["GET"]}}],"collection":[{"href":"https:\/\/apartamentywesola.com.pl\/index.php\/wp-json\/wp\/v2\/pages"}],"about":[{"href":"https:\/\/apartamentywesola.com.pl\/index.php\/wp-json\/wp\/v2\/types\/page"}],"author":[{"embeddable":true,"href":"https:\/\/apartamentywesola.com.pl\/index.php\/wp-json\/wp\/v2\/users\/1"}],"replies":[{"embeddable":true,"href":"https:\/\/apartamentywesola.com.pl\/index.php\/wp-json\/wp\/v2\/comments?post=383"}],"version-history":[{"count":3,"href":"https:\/\/apartamentywesola.com.pl\/index.php\/wp-json\/wp\/v2\/pages\/383\/revisions"}],"predecessor-version":[{"id":386,"href":"https:\/\/apartamentywesola.com.pl\/index.php\/wp-json\/wp\/v2\/pages\/383\/revisions\/386"}],"up":[{"embeddable":true,"href":"https:\/\/apartamentywesola.com.pl\/index.php\/wp-json\/wp\/v2\/pages\/112"}],"wp:attachment":[{"href":"https:\/\/apartamentywesola.com.pl\/index.php\/wp-json\/wp\/v2\/media?parent=383"}],"curies":[{"name":"wp","href":"https:\/\/api.w.org\/{rel}","templated":true}]}}