{"id":425,"date":"2022-07-24T13:22:52","date_gmt":"2022-07-24T13:22:52","guid":{"rendered":"http:\/\/apartamentywesola.com.pl\/?page_id=425"},"modified":"2022-07-24T13:54:53","modified_gmt":"2022-07-24T13:54:53","slug":"o-nas","status":"publish","type":"page","link":"https:\/\/apartamentywesola.com.pl\/index.php\/o-nas\/","title":{"rendered":"O Nas"},"content":{"rendered":"\t\t<div data-elementor-type=\"wp-page\" data-elementor-id=\"425\" class=\"elementor elementor-425\">\n\t\t\t\t\t\t<section class=\"elementor-section elementor-top-section elementor-element elementor-element-c403a92 elementor-section-boxed elementor-section-height-default elementor-section-height-default\" data-id=\"c403a92\" data-element_type=\"section\" data-e-type=\"section\">\n\t\t\t\t\t\t<div class=\"elementor-container elementor-column-gap-default\">\n\t\t\t\t\t<div class=\"elementor-column elementor-col-100 elementor-top-column elementor-element elementor-element-5daba35\" data-id=\"5daba35\" data-element_type=\"column\" data-e-type=\"column\">\n\t\t\t<div class=\"elementor-widget-wrap elementor-element-populated\">\n\t\t\t\t\t\t<div class=\"elementor-element elementor-element-b06106a elementor-widget elementor-widget-heading\" data-id=\"b06106a\" data-element_type=\"widget\" data-e-type=\"widget\" data-widget_type=\"heading.default\">\n\t\t\t\t<div class=\"elementor-widget-container\">\n\t\t\t\t\t<h2 class=\"elementor-heading-title elementor-size-default\">GOSPODARSTWO AGROTURYSTYCZNE\nOSTOJA-UROCZYSKO\nW\u0104bnice 14 B<\/h2>\t\t\t\t<\/div>\n\t\t\t\t<\/div>\n\t\t\t\t\t<\/div>\n\t\t<\/div>\n\t\t\t\t\t<\/div>\n\t\t<\/section>\n\t\t\t\t<section class=\"elementor-section elementor-top-section elementor-element elementor-element-d6b7067 elementor-section-stretched elementor-section-boxed elementor-section-height-default elementor-section-height-default\" data-id=\"d6b7067\" data-element_type=\"section\" data-e-type=\"section\" data-settings=\"{&quot;stretch_section&quot;:&quot;section-stretched&quot;}\">\n\t\t\t\t\t\t<div class=\"elementor-container elementor-column-gap-default\">\n\t\t\t\t\t<div class=\"elementor-column elementor-col-50 elementor-top-column elementor-element elementor-element-c220ae1\" data-id=\"c220ae1\" data-element_type=\"column\" data-e-type=\"column\">\n\t\t\t<div class=\"elementor-widget-wrap elementor-element-populated\">\n\t\t\t\t\t\t<div class=\"elementor-element elementor-element-2e01391 elementor-widget elementor-widget-text-editor\" data-id=\"2e01391\" data-element_type=\"widget\" data-e-type=\"widget\" data-widget_type=\"text-editor.default\">\n\t\t\t\t<div class=\"elementor-widget-container\">\n\t\t\t\t\t\t\t\t\t<p><span style=\"color: #000000;\">Gospodarstwo Agroturystyczne Ostoja-Uroczysko to gospodarstwo o powierzchni<\/span><br \/><span style=\"color: #000000;\">prawie 3,5 ha po\u0142o\u017cone na terenie najwi\u0119kszego w Polsce Parku Krajobrazowego \u201eDolina<\/span><br \/><span style=\"color: #000000;\">Baryczy\u201d w \u015br\u00f3d las\u00f3w, staw\u00f3w i p\u00f3l.<\/span><br \/><span style=\"color: #000000;\">Okolica nasza obfituje w dobra natury takie jak: jagody, grzyby, maliny, je\u017cyny.<\/span><br \/><span style=\"color: #000000;\">Bogactwo las\u00f3w i polnych dr\u00f3\u017cek sprzyja uprawianiu turystyki pieszej i rowerowej.<\/span><br \/><span style=\"color: #000000;\">To wszystko sprawia, \u017ce go\u015bcie odpoczywaj\u0105 cia\u0142em i duchem. Wszyscy, kt\u00f3rzy ceni\u0105<\/span><br \/><span style=\"color: #000000;\">sobie bezpo\u015bredni kontakt z natur\u0105, \u015bpiew ptak\u00f3w, rechot \u017cab, \u015bwie\u017ce rze\u015bkie powietrze<\/span><br \/><span style=\"color: #000000;\">doceni\u0105 to miejsce jako jedyne w swoim rodzaju.<\/span><br \/><span style=\"color: #000000;\">Gospodarstwo nasze jest przed wszystkim nastawione na zapewnieniu Pa\u0144stwu ciszy i<\/span><br \/><span style=\"color: #000000;\">spokoju z dala od zgie\u0142ku miasta.<\/span><\/p><p style=\"text-align: center;\"><span style=\"color: #000000;\">Serdecznie Zapraszamy<\/span><br \/><span style=\"color: #000000;\">Anna i Pawe\u0142 Ca\u0142ujek<\/span><\/p>\t\t\t\t\t\t\t\t<\/div>\n\t\t\t\t<\/div>\n\t\t\t\t\t<\/div>\n\t\t<\/div>\n\t\t\t\t<div class=\"elementor-column elementor-col-50 elementor-top-column elementor-element elementor-element-296f75e\" data-id=\"296f75e\" data-element_type=\"column\" data-e-type=\"column\">\n\t\t\t<div class=\"elementor-widget-wrap elementor-element-populated\">\n\t\t\t\t\t\t<div class=\"elementor-element elementor-element-7833eb6 elementor-widget elementor-widget-video\" data-id=\"7833eb6\" data-element_type=\"widget\" data-e-type=\"widget\" data-settings=\"{&quot;youtube_url&quot;:&quot;https:\\\/\\\/www.youtube.com\\\/watch?v=i8sdA_cmn_Y&quot;,&quot;autoplay&quot;:&quot;yes&quot;,&quot;mute&quot;:&quot;yes&quot;,&quot;loop&quot;:&quot;yes&quot;,&quot;video_type&quot;:&quot;youtube&quot;,&quot;controls&quot;:&quot;yes&quot;}\" data-widget_type=\"video.default\">\n\t\t\t\t<div class=\"elementor-widget-container\">\n\t\t\t\t\t\t\t<div class=\"elementor-wrapper elementor-open-inline\">\n\t\t\t<div class=\"elementor-video\"><\/div>\t\t<\/div>\n\t\t\t\t\t\t<\/div>\n\t\t\t\t<\/div>\n\t\t\t\t\t<\/div>\n\t\t<\/div>\n\t\t\t\t\t<\/div>\n\t\t<\/section>\n\t\t\t\t<\/div>\n\t\t","protected":false},"excerpt":{"rendered":"<p>GOSPODARSTWO AGROTURYSTYCZNE OSTOJA-UROCZYSKO W\u0104bnice 14 B Gospodarstwo Agroturystyczne Ostoja-Uroczysko to gospodarstwo o powierzchniprawie 3,5 ha po\u0142o\u017cone na terenie najwi\u0119kszego w Polsce Parku Krajobrazowego \u201eDolinaBaryczy\u201d w \u015br\u00f3d las\u00f3w, staw\u00f3w i p\u00f3l.Okolica nasza obfituje w dobra natury takie jak: jagody, grzyby, maliny, je\u017cyny.Bogactwo las\u00f3w i polnych dr\u00f3\u017cek sprzyja uprawianiu turystyki pieszej i rowerowej.To wszystko sprawia, \u017ce go\u015bcie&hellip;&nbsp;<a href=\"https:\/\/apartamentywesola.com.pl\/index.php\/o-nas\/\" rel=\"bookmark\">Dowiedz si\u0119 wi\u0119cej &raquo;<span class=\"screen-reader-text\">O Nas<\/span><\/a><\/p>\n","protected":false},"author":1,"featured_media":0,"parent":0,"menu_order":0,"comment_status":"closed","ping_status":"closed","template":"page-templates\/template-pagebuilder-full-width.php","meta":{"_monsterinsights_skip_tracking":false,"_monsterinsights_sitenote_active":false,"_monsterinsights_sitenote_note":"","_monsterinsights_sitenote_category":0,"neve_meta_sidebar":"","neve_meta_container":"","neve_meta_enable_content_width":"off","neve_meta_content_width":100,"neve_meta_title_alignment":"","neve_meta_author_avatar":"","neve_post_elements_order":"","neve_meta_disable_header":"","neve_meta_disable_footer":"","neve_meta_disable_title":"","footnotes":""},"class_list":["post-425","page","type-page","status-publish","hentry"],"aioseo_notices":[],"_links":{"self":[{"href":"https:\/\/apartamentywesola.com.pl\/index.php\/wp-json\/wp\/v2\/pages\/425","targetHints":{"allow":["GET"]}}],"collection":[{"href":"https:\/\/apartamentywesola.com.pl\/index.php\/wp-json\/wp\/v2\/pages"}],"about":[{"href":"https:\/\/apartamentywesola.com.pl\/index.php\/wp-json\/wp\/v2\/types\/page"}],"author":[{"embeddable":true,"href":"https:\/\/apartamentywesola.com.pl\/index.php\/wp-json\/wp\/v2\/users\/1"}],"replies":[{"embeddable":true,"href":"https:\/\/apartamentywesola.com.pl\/index.php\/wp-json\/wp\/v2\/comments?post=425"}],"version-history":[{"count":4,"href":"https:\/\/apartamentywesola.com.pl\/index.php\/wp-json\/wp\/v2\/pages\/425\/revisions"}],"predecessor-version":[{"id":447,"href":"https:\/\/apartamentywesola.com.pl\/index.php\/wp-json\/wp\/v2\/pages\/425\/revisions\/447"}],"wp:attachment":[{"href":"https:\/\/apartamentywesola.com.pl\/index.php\/wp-json\/wp\/v2\/media?parent=425"}],"curies":[{"name":"wp","href":"https:\/\/api.w.org\/{rel}","templated":true}]}}