{"id":85,"date":"2022-06-09T10:32:39","date_gmt":"2022-06-09T10:32:39","guid":{"rendered":"http:\/\/apartamentywesola.com.pl\/?page_id=85"},"modified":"2022-06-13T06:21:35","modified_gmt":"2022-06-13T06:21:35","slug":"atrakcje-i-okolica","status":"publish","type":"page","link":"https:\/\/apartamentywesola.com.pl\/index.php\/atrakcje-i-okolica\/","title":{"rendered":"Atrakcje i okolica"},"content":{"rendered":"\t\t<div data-elementor-type=\"wp-page\" data-elementor-id=\"85\" class=\"elementor elementor-85\">\n\t\t\t\t\t\t<section class=\"elementor-section elementor-top-section elementor-element elementor-element-ab1fa9c elementor-section-boxed elementor-section-height-default elementor-section-height-default\" data-id=\"ab1fa9c\" data-element_type=\"section\" data-e-type=\"section\">\n\t\t\t\t\t\t<div class=\"elementor-container elementor-column-gap-default\">\n\t\t\t\t\t<div class=\"elementor-column elementor-col-100 elementor-top-column elementor-element elementor-element-e6ea602\" data-id=\"e6ea602\" data-element_type=\"column\" data-e-type=\"column\">\n\t\t\t<div class=\"elementor-widget-wrap elementor-element-populated\">\n\t\t\t\t\t\t<div class=\"elementor-element elementor-element-6d17f07 elementor-widget elementor-widget-text-editor\" data-id=\"6d17f07\" data-element_type=\"widget\" data-e-type=\"widget\" data-widget_type=\"text-editor.default\">\n\t\t\t\t<div class=\"elementor-widget-container\">\n\t\t\t\t\t\t\t\t\t<p><span style=\"color: #000000;\"><strong>Nie w\u0105tpliwie atrakcj\u0105 obiektu APARTAMENTY WESO\u0141A jest jego lokalizacja w samym sercu najwi\u0119kszego w Polsce Parku Krajobrazowego \u201eDoliny Baryczy\u201d o powierzchni 87\u00a0000 ha <\/strong><\/span><\/p><p><span style=\"color: #000000;\"><strong>Celem jego utworzenia w 1996 roku by\u0142o zachowanie warto\u015bci krajobrazowych, przyrodniczych i historyczno &#8211; kulturowych. Wielkie kompleksy le\u015bne i stawowe s\u0105 naturaln\u0105 ostoj\u0105 zwierzyny le\u015bnej i ptactwa, kt\u00f3rego stwierdzono tu ponad 270 gatunk\u00f3w, w tym 166 l\u0119gowych. Do najrzadszych i najcenniejszych gatunk\u00f3w nale\u017c\u0105 m.in.: czapla purpurowa, b\u0105k, b\u0105czek, bocian czarny, perkoz rdzawoszyjny, \u017curaw oraz orze\u0142 bielik. Na terenie Doliny Baryczy gniazduje ponad 150 par bociana bia\u0142ego. <\/strong><\/span><\/p><p><span style=\"color: #000000;\"><strong>\u00a0<\/strong><\/span><\/p><p><span style=\"color: #000000;\"><strong>Bogactwo \u015bwiata przyrodniczego, a zw\u0142aszcza ptak\u00f3w by\u0142o powodem, dla kt\u00f3rego za\u0142o\u017cono tu , w 1963 roku, rezerwat ornitologiczny &#8222;Stawy Milickie&#8221; o powierzchni 5324 ha.<\/strong><\/span><\/p><p><span style=\"color: #000000;\"><strong>Stawy Milickie<\/strong><strong> zajmuj\u0105 8000 ha na terenie ca\u0142ej doliny Baryczy. Od XIII wieku budowali je cystersi. Zosta\u0142 on obj\u0119ty konwencj\u0105 RAMSAR, czyli mi\u0119dzynarodowym programem ochrony miejsc podmok\u0142ych i bagiennych o szczeg\u00f3lnych warto\u015bciach przyrodniczych. <\/strong><strong>Trzy spo\u015br\u00f3d siedmiu gospodarstw rybackich znajduj\u0105 si\u0119 na terenie gminy Milicz, s\u0105 to: Ruda Su\u0142owska, Stawno i Potasznia. Zbiorniki zasilane s\u0105 przez rzek\u0119 Barycz i jej dop\u0142ywy. Milickie stawy rybne s\u0105 najwi\u0119kszym w Polsce i Europie o\u015brodkiem hodowli karpia. Roczna produkcja to 2000 ton ryb, z czego 90% stanowi karp. Zdrowa karma, sta\u0142a opieka weterynaryjna i ichtiologiczna, ekologicznie czysty region oraz siedemset lat tradycji s\u0105 podstaw\u0105 jako\u015bci milickiego karpia. Stawy Milickie znalaz\u0142y si\u0119 w programie ONZ Living Lakes jako jeden z 13 unikalnych obszar\u00f3w wodnych na \u015bwiecie. Wszystkie te miejca\u00a0 mo\u017cecie Pa\u0144stwo zobaczy\u0107 z dobrze rozwinientej sieci tras rowerowych i szlak\u00f3w pieszych i scie\u017cek przyrodniczych .<\/strong><\/span><\/p><p><span style=\"color: #000000;\"><strong>\u00a0<\/strong><\/span><\/p><p><span style=\"color: #000000;\"><strong>Lecz powiat milicki i Dolina Baryczy\u00a0 to nie tylko bogactwo natury to r\u00f3wnie\u017c zabytki ciekawe budowle i\u00a0 miejsca . Jednym z ciekawszych obiekt\u00f3w to kompleks Parkowo Pa\u0142acowy w Miliczu w sk\u0142ad kt\u00f3rego wchodz\u0105 <\/strong><strong>Pa\u0142ac Klasycystyczny<\/strong><strong> z ko\u0144ca XVIII w <\/strong><strong>Ruiny Zamku<\/strong><strong> z XIV w oraz <\/strong><strong>Park Pa\u0142acowy<\/strong><strong> z prze\u0142omu XVIII-XIX wieku o powierzchni 50 ha. Nie o podal usyty\u0142owany jest Ko\u015bci\u00f3\u0142 \u0141aski pw. \u015bw. Andrzeja Boboli , na uwag\u0119 zas\u0142uguje r\u00f3wnie\u017c Wzg\u00f3rze Joanny i Zameczek My\u015bliwski zwany wie\u017c\u0105 \u201dOdyniec\u201d jak i Zabytkowy Drewniany Ko\u015bci\u00f3\u0142 z <\/strong><strong>1672 r. w miejscowo\u015bci Trzebicko<\/strong>.<\/span><\/p><p><span style=\"color: #000000;\"><strong>Dla zr\u00f3wnowa\u017cenia dozna\u0144 duchowo przyrodniczych mamy dla Pa\u0144stwa co\u015b dla cia\u0142a czyli w nowoczesny kompleks Centrum Edukacyjno Turystyczno Sportowe w miejscowo\u015bci Kro\u015bnice w sk\u0142ad kt\u00f3rego wchodz\u0105 mi\u0119dzy innymi kryty basen , nowoczesna hala sportowa, boiska do koszyk\u00f3wki, siatk\u00f3wki, pi\u0142ki r\u0119cznej, tenisa ziemnego, sala widowiskowa, biblioteka. Nie w\u0105tpliw\u0105 atrakcja s\u0105 r\u00f3wnie\u017c dwa wrze\u015bniowe \u015bwi\u0119ta \u015awi\u0119to Karpia Milickiego ze swoj\u0105 bogata oferta kulturalno rozrywkow\u0105, kulinarn\u0105 i artystyczn\u0105 oraz \u015awi\u0119to Sad\u00f3w w Wierzchowicach gdzie w mi\u0142ej atmosferze biesiady mo\u017cna skosztowa\u0107 i zakupi\u0107 owoce od miejscowych sadownik\u00f3w regionalne przetwory owocowe, miody, wypieki i mi\u0119siwa. Opr\u00f3cz tego sadzonki ro\u015blin, drzew owocowych i ozdobnych, r\u0119kodzie\u0142o, sztuk\u0119 ludow\u0105. A wszystko to w przesympatycznej atmosferze wraz z \u017cyczliw\u0105 spo\u0142eczno\u015bci tych teren\u00f3w, bogatej oferty artystycznej oraz muzyki ludowej.<\/strong><\/span><\/p><p><span style=\"color: #000000;\"><strong>\u00a0<\/strong><\/span><\/p><p><span style=\"color: #000000;\"><strong>Mamy nadzieje \u017ce tymi jak \u017ce skr\u00f3towymi wzmiankami na temat naszego przepi\u0119knego regionu uda\u0142o nam si\u0119 zach\u0119ci\u0107 Pa\u0144stwa do odwiedzenia naszego terenu i skorzystania z oferty APARTAMENTY WESO\u0141A \u00a0gdzie znajdziecie Pa\u0144stwo spok\u00f3j i cisz\u0119 a jednocze\u015bnie jest to \u015bwietna baza wypadowa na wy\u017cej wspomniane szlaki, \u015bcie\u017cki, trasy gdzie czeka was moc nie zapomnianych atrakcji ,widok\u00f3w, \u00a0przyg\u00f3d i wra\u017ce\u0144.<\/strong><\/span><\/p><p><span style=\"color: #000000;\"><strong>\u00a0<\/strong><\/span><\/p><p><span style=\"color: #000000;\"><strong>Nie pozostaje nam nic innego jak jeszcze raz zaprosi\u0107 i zach\u0119ci\u0107 Pa\u0144stwa do odwiedzenia<\/strong><\/span><\/p><p style=\"text-align: center;\"><span style=\"color: #000000;\"><strong>APARTAMENTY WESO\u0141A <\/strong><\/span><\/p><p style=\"text-align: center;\"><span style=\"color: #000000;\"><strong>Weso\u0142a 8, <\/strong><\/span><strong><span style=\"color: #000000;\">56-300 Milicz<\/span> <\/strong><\/p>\t\t\t\t\t\t\t\t<\/div>\n\t\t\t\t<\/div>\n\t\t\t\t\t<\/div>\n\t\t<\/div>\n\t\t\t\t\t<\/div>\n\t\t<\/section>\n\t\t\t\t<\/div>\n\t\t","protected":false},"excerpt":{"rendered":"<p>Nie w\u0105tpliwie atrakcj\u0105 obiektu APARTAMENTY WESO\u0141A jest jego lokalizacja w samym sercu najwi\u0119kszego w Polsce Parku Krajobrazowego \u201eDoliny Baryczy\u201d o powierzchni 87\u00a0000 ha Celem jego utworzenia w 1996 roku by\u0142o zachowanie warto\u015bci krajobrazowych, przyrodniczych i historyczno &#8211; kulturowych. Wielkie kompleksy le\u015bne i stawowe s\u0105 naturaln\u0105 ostoj\u0105 zwierzyny le\u015bnej i ptactwa, kt\u00f3rego stwierdzono tu ponad 270&hellip;&nbsp;<a href=\"https:\/\/apartamentywesola.com.pl\/index.php\/atrakcje-i-okolica\/\" rel=\"bookmark\">Dowiedz si\u0119 wi\u0119cej &raquo;<span class=\"screen-reader-text\">Atrakcje i okolica<\/span><\/a><\/p>\n","protected":false},"author":1,"featured_media":0,"parent":0,"menu_order":0,"comment_status":"closed","ping_status":"closed","template":"","meta":{"_monsterinsights_skip_tracking":false,"_monsterinsights_sitenote_active":false,"_monsterinsights_sitenote_note":"","_monsterinsights_sitenote_category":0,"neve_meta_sidebar":"","neve_meta_container":"","neve_meta_enable_content_width":"","neve_meta_content_width":0,"neve_meta_title_alignment":"","neve_meta_author_avatar":"","neve_post_elements_order":"","neve_meta_disable_header":"","neve_meta_disable_footer":"","neve_meta_disable_title":"","footnotes":""},"class_list":["post-85","page","type-page","status-publish","hentry"],"aioseo_notices":[],"_links":{"self":[{"href":"https:\/\/apartamentywesola.com.pl\/index.php\/wp-json\/wp\/v2\/pages\/85","targetHints":{"allow":["GET"]}}],"collection":[{"href":"https:\/\/apartamentywesola.com.pl\/index.php\/wp-json\/wp\/v2\/pages"}],"about":[{"href":"https:\/\/apartamentywesola.com.pl\/index.php\/wp-json\/wp\/v2\/types\/page"}],"author":[{"embeddable":true,"href":"https:\/\/apartamentywesola.com.pl\/index.php\/wp-json\/wp\/v2\/users\/1"}],"replies":[{"embeddable":true,"href":"https:\/\/apartamentywesola.com.pl\/index.php\/wp-json\/wp\/v2\/comments?post=85"}],"version-history":[{"count":8,"href":"https:\/\/apartamentywesola.com.pl\/index.php\/wp-json\/wp\/v2\/pages\/85\/revisions"}],"predecessor-version":[{"id":186,"href":"https:\/\/apartamentywesola.com.pl\/index.php\/wp-json\/wp\/v2\/pages\/85\/revisions\/186"}],"wp:attachment":[{"href":"https:\/\/apartamentywesola.com.pl\/index.php\/wp-json\/wp\/v2\/media?parent=85"}],"curies":[{"name":"wp","href":"https:\/\/api.w.org\/{rel}","templated":true}]}}